{"id":70,"date":"2019-02-20T20:14:48","date_gmt":"2019-02-20T19:14:48","guid":{"rendered":"http:\/\/fredericlouvier.com\/?page_id=70"},"modified":"2019-11-14T17:18:44","modified_gmt":"2019-11-14T16:18:44","slug":"serie-memento-mori","status":"publish","type":"page","link":"https:\/\/fredericlouvier.com\/index.php\/serie-memento-mori\/","title":{"rendered":"s\u00e9rie Memento Mori"},"content":{"rendered":"<p><img data-recalc-dims=\"1\" loading=\"lazy\" decoding=\"async\" class=\"alignnone size-medium wp-image-262\" src=\"https:\/\/i0.wp.com\/fredericlouvier.com\/wp-content\/uploads\/2019\/11\/crane2.jpg?resize=300%2C169&#038;ssl=1\" alt=\"\" width=\"300\" height=\"169\" \/> <img data-recalc-dims=\"1\" loading=\"lazy\" decoding=\"async\" class=\"alignnone size-medium wp-image-266\" src=\"https:\/\/i0.wp.com\/fredericlouvier.com\/wp-content\/uploads\/2019\/11\/20191105_113433.jpg?resize=300%2C169&#038;ssl=1\" alt=\"\" width=\"300\" height=\"169\" srcset=\"https:\/\/i0.wp.com\/fredericlouvier.com\/wp-content\/uploads\/2019\/11\/20191105_113433-scaled.jpg?resize=300%2C169&amp;ssl=1 300w, https:\/\/i0.wp.com\/fredericlouvier.com\/wp-content\/uploads\/2019\/11\/20191105_113433-scaled.jpg?resize=416%2C234&amp;ssl=1 416w, https:\/\/i0.wp.com\/fredericlouvier.com\/wp-content\/uploads\/2019\/11\/20191105_113433-scaled.jpg?resize=768%2C432&amp;ssl=1 768w, https:\/\/i0.wp.com\/fredericlouvier.com\/wp-content\/uploads\/2019\/11\/20191105_113433-scaled.jpg?resize=1024%2C576&amp;ssl=1 1024w, https:\/\/i0.wp.com\/fredericlouvier.com\/wp-content\/uploads\/2019\/11\/20191105_113433-scaled.jpg?w=1740&amp;ssl=1 1740w\" sizes=\"auto, (max-width: 300px) 100vw, 300px\" \/><\/p>\n<div id='gallery-1' class='gallery galleryid-70 gallery-columns-3 gallery-size-large'><figure class='gallery-item'>\n\t\t\t<div class='gallery-icon portrait'>\n\t\t\t\t<a href=\"https:\/\/i0.wp.com\/fredericlouvier.com\/wp-content\/uploads\/2019\/07\/mento-mori-.jpg?ssl=1\"><img loading=\"lazy\" decoding=\"async\" width=\"684\" height=\"1024\" src=\"https:\/\/i0.wp.com\/fredericlouvier.com\/wp-content\/uploads\/2019\/07\/mento-mori-.jpg?fit=684%2C1024&amp;ssl=1\" class=\"attachment-large size-large\" alt=\"\" srcset=\"https:\/\/i0.wp.com\/fredericlouvier.com\/wp-content\/uploads\/2019\/07\/mento-mori-.jpg?w=2478&amp;ssl=1 2478w, https:\/\/i0.wp.com\/fredericlouvier.com\/wp-content\/uploads\/2019\/07\/mento-mori-.jpg?resize=200%2C300&amp;ssl=1 200w, https:\/\/i0.wp.com\/fredericlouvier.com\/wp-content\/uploads\/2019\/07\/mento-mori-.jpg?resize=768%2C1150&amp;ssl=1 768w, https:\/\/i0.wp.com\/fredericlouvier.com\/wp-content\/uploads\/2019\/07\/mento-mori-.jpg?resize=684%2C1024&amp;ssl=1 684w, https:\/\/i0.wp.com\/fredericlouvier.com\/wp-content\/uploads\/2019\/07\/mento-mori-.jpg?w=1740&amp;ssl=1 1740w\" sizes=\"auto, (max-width: 684px) 100vw, 684px\" \/><\/a>\n\t\t\t<\/div><\/figure><figure class='gallery-item'>\n\t\t\t<div class='gallery-icon portrait'>\n\t\t\t\t<a href=\"https:\/\/i0.wp.com\/fredericlouvier.com\/wp-content\/uploads\/2019\/07\/attente-2.jpg?ssl=1\"><img loading=\"lazy\" decoding=\"async\" width=\"744\" height=\"1024\" src=\"https:\/\/i0.wp.com\/fredericlouvier.com\/wp-content\/uploads\/2019\/07\/attente-2.jpg?fit=744%2C1024&amp;ssl=1\" class=\"attachment-large size-large\" alt=\"\" srcset=\"https:\/\/i0.wp.com\/fredericlouvier.com\/wp-content\/uploads\/2019\/07\/attente-2.jpg?w=1859&amp;ssl=1 1859w, https:\/\/i0.wp.com\/fredericlouvier.com\/wp-content\/uploads\/2019\/07\/attente-2.jpg?resize=218%2C300&amp;ssl=1 218w, https:\/\/i0.wp.com\/fredericlouvier.com\/wp-content\/uploads\/2019\/07\/attente-2.jpg?resize=768%2C1057&amp;ssl=1 768w, https:\/\/i0.wp.com\/fredericlouvier.com\/wp-content\/uploads\/2019\/07\/attente-2.jpg?resize=744%2C1024&amp;ssl=1 744w, https:\/\/i0.wp.com\/fredericlouvier.com\/wp-content\/uploads\/2019\/07\/attente-2.jpg?w=1740&amp;ssl=1 1740w\" sizes=\"auto, (max-width: 744px) 100vw, 744px\" \/><\/a>\n\t\t\t<\/div><\/figure><figure class='gallery-item'>\n\t\t\t<div class='gallery-icon landscape'>\n\t\t\t\t<a href=\"https:\/\/i0.wp.com\/fredericlouvier.com\/wp-content\/uploads\/2019\/07\/2019-04-20-09.40.24.jpg?ssl=1\"><img loading=\"lazy\" decoding=\"async\" width=\"870\" height=\"590\" src=\"https:\/\/i0.wp.com\/fredericlouvier.com\/wp-content\/uploads\/2019\/07\/2019-04-20-09.40.24.jpg?fit=870%2C590&amp;ssl=1\" class=\"attachment-large size-large\" alt=\"\" srcset=\"https:\/\/i0.wp.com\/fredericlouvier.com\/wp-content\/uploads\/2019\/07\/2019-04-20-09.40.24.jpg?w=2836&amp;ssl=1 2836w, https:\/\/i0.wp.com\/fredericlouvier.com\/wp-content\/uploads\/2019\/07\/2019-04-20-09.40.24.jpg?resize=300%2C204&amp;ssl=1 300w, https:\/\/i0.wp.com\/fredericlouvier.com\/wp-content\/uploads\/2019\/07\/2019-04-20-09.40.24.jpg?resize=768%2C522&amp;ssl=1 768w, https:\/\/i0.wp.com\/fredericlouvier.com\/wp-content\/uploads\/2019\/07\/2019-04-20-09.40.24.jpg?resize=1024%2C695&amp;ssl=1 1024w, https:\/\/i0.wp.com\/fredericlouvier.com\/wp-content\/uploads\/2019\/07\/2019-04-20-09.40.24.jpg?w=1740&amp;ssl=1 1740w, https:\/\/i0.wp.com\/fredericlouvier.com\/wp-content\/uploads\/2019\/07\/2019-04-20-09.40.24.jpg?w=2610&amp;ssl=1 2610w\" sizes=\"auto, (max-width: 870px) 100vw, 870px\" \/><\/a>\n\t\t\t<\/div><\/figure><figure class='gallery-item'>\n\t\t\t<div class='gallery-icon portrait'>\n\t\t\t\t<a href=\"https:\/\/i0.wp.com\/fredericlouvier.com\/wp-content\/uploads\/2019\/07\/peau-a%CC%80-fleur-dame.jpg?ssl=1\"><img loading=\"lazy\" decoding=\"async\" width=\"701\" height=\"1024\" src=\"https:\/\/i0.wp.com\/fredericlouvier.com\/wp-content\/uploads\/2019\/07\/peau-a%CC%80-fleur-dame.jpg?fit=701%2C1024&amp;ssl=1\" class=\"attachment-large size-large\" alt=\"\" \/><\/a>\n\t\t\t<\/div><\/figure><figure class='gallery-item'>\n\t\t\t<div class='gallery-icon portrait'>\n\t\t\t\t<a href=\"https:\/\/i0.wp.com\/fredericlouvier.com\/wp-content\/uploads\/2019\/07\/9-e1564137102615.jpg?ssl=1\"><img loading=\"lazy\" decoding=\"async\" width=\"576\" height=\"1024\" src=\"https:\/\/i0.wp.com\/fredericlouvier.com\/wp-content\/uploads\/2019\/07\/9-e1564137102615.jpg?fit=576%2C1024&amp;ssl=1\" class=\"attachment-large size-large\" alt=\"\" srcset=\"https:\/\/i0.wp.com\/fredericlouvier.com\/wp-content\/uploads\/2019\/07\/9-e1564137102615.jpg?w=2988&amp;ssl=1 2988w, https:\/\/i0.wp.com\/fredericlouvier.com\/wp-content\/uploads\/2019\/07\/9-e1564137102615.jpg?resize=169%2C300&amp;ssl=1 169w, https:\/\/i0.wp.com\/fredericlouvier.com\/wp-content\/uploads\/2019\/07\/9-e1564137102615.jpg?resize=768%2C1365&amp;ssl=1 768w, https:\/\/i0.wp.com\/fredericlouvier.com\/wp-content\/uploads\/2019\/07\/9-e1564137102615.jpg?resize=576%2C1024&amp;ssl=1 576w, https:\/\/i0.wp.com\/fredericlouvier.com\/wp-content\/uploads\/2019\/07\/9-e1564137102615.jpg?w=1740&amp;ssl=1 1740w, https:\/\/i0.wp.com\/fredericlouvier.com\/wp-content\/uploads\/2019\/07\/9-e1564137102615.jpg?w=2610&amp;ssl=1 2610w\" sizes=\"auto, (max-width: 576px) 100vw, 576px\" \/><\/a>\n\t\t\t<\/div><\/figure><figure class='gallery-item'>\n\t\t\t<div class='gallery-icon portrait'>\n\t\t\t\t<a href=\"https:\/\/i0.wp.com\/fredericlouvier.com\/wp-content\/uploads\/2019\/07\/1-e1564137111210.jpg?ssl=1\"><img loading=\"lazy\" decoding=\"async\" width=\"576\" height=\"1024\" src=\"https:\/\/i0.wp.com\/fredericlouvier.com\/wp-content\/uploads\/2019\/07\/1-e1564137111210.jpg?fit=576%2C1024&amp;ssl=1\" class=\"attachment-large size-large\" alt=\"\" srcset=\"https:\/\/i0.wp.com\/fredericlouvier.com\/wp-content\/uploads\/2019\/07\/1-e1564137111210.jpg?w=2988&amp;ssl=1 2988w, https:\/\/i0.wp.com\/fredericlouvier.com\/wp-content\/uploads\/2019\/07\/1-e1564137111210.jpg?resize=169%2C300&amp;ssl=1 169w, https:\/\/i0.wp.com\/fredericlouvier.com\/wp-content\/uploads\/2019\/07\/1-e1564137111210.jpg?resize=768%2C1365&amp;ssl=1 768w, https:\/\/i0.wp.com\/fredericlouvier.com\/wp-content\/uploads\/2019\/07\/1-e1564137111210.jpg?resize=576%2C1024&amp;ssl=1 576w, https:\/\/i0.wp.com\/fredericlouvier.com\/wp-content\/uploads\/2019\/07\/1-e1564137111210.jpg?w=1740&amp;ssl=1 1740w, https:\/\/i0.wp.com\/fredericlouvier.com\/wp-content\/uploads\/2019\/07\/1-e1564137111210.jpg?w=2610&amp;ssl=1 2610w\" sizes=\"auto, (max-width: 576px) 100vw, 576px\" \/><\/a>\n\t\t\t<\/div><\/figure><figure class='gallery-item'>\n\t\t\t<div class='gallery-icon portrait'>\n\t\t\t\t<a href=\"https:\/\/i0.wp.com\/fredericlouvier.com\/wp-content\/uploads\/2019\/07\/Desquamation-formelle-e1564137130773.jpg?ssl=1\"><img loading=\"lazy\" decoding=\"async\" width=\"576\" height=\"1024\" src=\"https:\/\/i0.wp.com\/fredericlouvier.com\/wp-content\/uploads\/2019\/07\/Desquamation-formelle-e1564137130773.jpg?fit=576%2C1024&amp;ssl=1\" class=\"attachment-large size-large\" alt=\"\" srcset=\"https:\/\/i0.wp.com\/fredericlouvier.com\/wp-content\/uploads\/2019\/07\/Desquamation-formelle-e1564137130773.jpg?w=2988&amp;ssl=1 2988w, https:\/\/i0.wp.com\/fredericlouvier.com\/wp-content\/uploads\/2019\/07\/Desquamation-formelle-e1564137130773.jpg?resize=169%2C300&amp;ssl=1 169w, https:\/\/i0.wp.com\/fredericlouvier.com\/wp-content\/uploads\/2019\/07\/Desquamation-formelle-e1564137130773.jpg?resize=768%2C1365&amp;ssl=1 768w, https:\/\/i0.wp.com\/fredericlouvier.com\/wp-content\/uploads\/2019\/07\/Desquamation-formelle-e1564137130773.jpg?resize=576%2C1024&amp;ssl=1 576w, https:\/\/i0.wp.com\/fredericlouvier.com\/wp-content\/uploads\/2019\/07\/Desquamation-formelle-e1564137130773.jpg?w=1740&amp;ssl=1 1740w, https:\/\/i0.wp.com\/fredericlouvier.com\/wp-content\/uploads\/2019\/07\/Desquamation-formelle-e1564137130773.jpg?w=2610&amp;ssl=1 2610w\" sizes=\"auto, (max-width: 576px) 100vw, 576px\" \/><\/a>\n\t\t\t<\/div><\/figure><figure class='gallery-item'>\n\t\t\t<div class='gallery-icon portrait'>\n\t\t\t\t<a href=\"https:\/\/i0.wp.com\/fredericlouvier.com\/wp-content\/uploads\/2019\/07\/bleue-profondeur-oce%CC%81ane.jpg?ssl=1\"><img loading=\"lazy\" decoding=\"async\" width=\"770\" height=\"1024\" src=\"https:\/\/i0.wp.com\/fredericlouvier.com\/wp-content\/uploads\/2019\/07\/bleue-profondeur-oce%CC%81ane.jpg?fit=770%2C1024&amp;ssl=1\" class=\"attachment-large size-large\" alt=\"\" \/><\/a>\n\t\t\t<\/div><\/figure><figure class='gallery-item'>\n\t\t\t<div class='gallery-icon portrait'>\n\t\t\t\t<a href=\"https:\/\/i0.wp.com\/fredericlouvier.com\/wp-content\/uploads\/2019\/07\/vritti2.jpg?ssl=1\"><img loading=\"lazy\" decoding=\"async\" width=\"724\" height=\"1024\" src=\"https:\/\/i0.wp.com\/fredericlouvier.com\/wp-content\/uploads\/2019\/07\/vritti2.jpg?fit=724%2C1024&amp;ssl=1\" class=\"attachment-large size-large\" alt=\"\" srcset=\"https:\/\/i0.wp.com\/fredericlouvier.com\/wp-content\/uploads\/2019\/07\/vritti2.jpg?w=1692&amp;ssl=1 1692w, https:\/\/i0.wp.com\/fredericlouvier.com\/wp-content\/uploads\/2019\/07\/vritti2.jpg?resize=212%2C300&amp;ssl=1 212w, https:\/\/i0.wp.com\/fredericlouvier.com\/wp-content\/uploads\/2019\/07\/vritti2.jpg?resize=768%2C1086&amp;ssl=1 768w, https:\/\/i0.wp.com\/fredericlouvier.com\/wp-content\/uploads\/2019\/07\/vritti2.jpg?resize=724%2C1024&amp;ssl=1 724w\" sizes=\"auto, (max-width: 724px) 100vw, 724px\" \/><\/a>\n\t\t\t<\/div><\/figure><figure class='gallery-item'>\n\t\t\t<div class='gallery-icon portrait'>\n\t\t\t\t<a href=\"https:\/\/i0.wp.com\/fredericlouvier.com\/wp-content\/uploads\/2019\/07\/pre%CC%81cieuse-incarnation.jpg?ssl=1\"><img loading=\"lazy\" decoding=\"async\" width=\"576\" height=\"1024\" src=\"https:\/\/i0.wp.com\/fredericlouvier.com\/wp-content\/uploads\/2019\/07\/pre%CC%81cieuse-incarnation.jpg?fit=576%2C1024&amp;ssl=1\" class=\"attachment-large size-large\" alt=\"\" \/><\/a>\n\t\t\t<\/div><\/figure><figure class='gallery-item'>\n\t\t\t<div class='gallery-icon portrait'>\n\t\t\t\t<a href=\"https:\/\/i0.wp.com\/fredericlouvier.com\/wp-content\/uploads\/2019\/07\/ombre-de-toi-me%CC%82me.jpg?ssl=1\"><img loading=\"lazy\" decoding=\"async\" width=\"651\" height=\"1024\" src=\"https:\/\/i0.wp.com\/fredericlouvier.com\/wp-content\/uploads\/2019\/07\/ombre-de-toi-me%CC%82me.jpg?fit=651%2C1024&amp;ssl=1\" class=\"attachment-large size-large\" alt=\"\" \/><\/a>\n\t\t\t<\/div><\/figure><figure class='gallery-item'>\n\t\t\t<div class='gallery-icon portrait'>\n\t\t\t\t<a href=\"https:\/\/i0.wp.com\/fredericlouvier.com\/wp-content\/uploads\/2019\/07\/bouillonnement.jpg?ssl=1\"><img loading=\"lazy\" decoding=\"async\" width=\"838\" height=\"1024\" src=\"https:\/\/i0.wp.com\/fredericlouvier.com\/wp-content\/uploads\/2019\/07\/bouillonnement.jpg?fit=838%2C1024&amp;ssl=1\" class=\"attachment-large size-large\" alt=\"\" srcset=\"https:\/\/i0.wp.com\/fredericlouvier.com\/wp-content\/uploads\/2019\/07\/bouillonnement.jpg?w=1620&amp;ssl=1 1620w, https:\/\/i0.wp.com\/fredericlouvier.com\/wp-content\/uploads\/2019\/07\/bouillonnement.jpg?resize=245%2C300&amp;ssl=1 245w, https:\/\/i0.wp.com\/fredericlouvier.com\/wp-content\/uploads\/2019\/07\/bouillonnement.jpg?resize=768%2C939&amp;ssl=1 768w, https:\/\/i0.wp.com\/fredericlouvier.com\/wp-content\/uploads\/2019\/07\/bouillonnement.jpg?resize=838%2C1024&amp;ssl=1 838w\" sizes=\"auto, (max-width: 838px) 100vw, 838px\" \/><\/a>\n\t\t\t<\/div><\/figure><figure class='gallery-item'>\n\t\t\t<div class='gallery-icon landscape'>\n\t\t\t\t<a href=\"https:\/\/i0.wp.com\/fredericlouvier.com\/wp-content\/uploads\/2019\/07\/IMG_20190514_210451_816.jpg?ssl=1\"><img loading=\"lazy\" decoding=\"async\" width=\"870\" height=\"869\" src=\"https:\/\/i0.wp.com\/fredericlouvier.com\/wp-content\/uploads\/2019\/07\/IMG_20190514_210451_816.jpg?fit=870%2C869&amp;ssl=1\" class=\"attachment-large size-large\" alt=\"\" srcset=\"https:\/\/i0.wp.com\/fredericlouvier.com\/wp-content\/uploads\/2019\/07\/IMG_20190514_210451_816.jpg?w=881&amp;ssl=1 881w, https:\/\/i0.wp.com\/fredericlouvier.com\/wp-content\/uploads\/2019\/07\/IMG_20190514_210451_816.jpg?resize=150%2C150&amp;ssl=1 150w, https:\/\/i0.wp.com\/fredericlouvier.com\/wp-content\/uploads\/2019\/07\/IMG_20190514_210451_816.jpg?resize=300%2C300&amp;ssl=1 300w, https:\/\/i0.wp.com\/fredericlouvier.com\/wp-content\/uploads\/2019\/07\/IMG_20190514_210451_816.jpg?resize=768%2C767&amp;ssl=1 768w\" sizes=\"auto, (max-width: 870px) 100vw, 870px\" \/><\/a>\n\t\t\t<\/div><\/figure><figure class='gallery-item'>\n\t\t\t<div class='gallery-icon portrait'>\n\t\t\t\t<a href=\"https:\/\/i0.wp.com\/fredericlouvier.com\/wp-content\/uploads\/2019\/07\/2019-05-14-21.01.25.jpg?ssl=1\"><img loading=\"lazy\" decoding=\"async\" width=\"573\" height=\"1024\" src=\"https:\/\/i0.wp.com\/fredericlouvier.com\/wp-content\/uploads\/2019\/07\/2019-05-14-21.01.25.jpg?fit=573%2C1024&amp;ssl=1\" class=\"attachment-large size-large\" alt=\"\" srcset=\"https:\/\/i0.wp.com\/fredericlouvier.com\/wp-content\/uploads\/2019\/07\/2019-05-14-21.01.25.jpg?w=1975&amp;ssl=1 1975w, https:\/\/i0.wp.com\/fredericlouvier.com\/wp-content\/uploads\/2019\/07\/2019-05-14-21.01.25.jpg?resize=168%2C300&amp;ssl=1 168w, https:\/\/i0.wp.com\/fredericlouvier.com\/wp-content\/uploads\/2019\/07\/2019-05-14-21.01.25.jpg?resize=768%2C1372&amp;ssl=1 768w, https:\/\/i0.wp.com\/fredericlouvier.com\/wp-content\/uploads\/2019\/07\/2019-05-14-21.01.25.jpg?resize=573%2C1024&amp;ssl=1 573w, https:\/\/i0.wp.com\/fredericlouvier.com\/wp-content\/uploads\/2019\/07\/2019-05-14-21.01.25.jpg?w=1740&amp;ssl=1 1740w\" sizes=\"auto, (max-width: 573px) 100vw, 573px\" \/><\/a>\n\t\t\t<\/div><\/figure>\n\t\t<\/div>\n\n","protected":false},"excerpt":{"rendered":"","protected":false},"author":1,"featured_media":102,"parent":0,"menu_order":0,"comment_status":"closed","ping_status":"closed","template":"template-parts\/template-woocommerce.php","meta":{"footnotes":""},"class_list":["post-70","page","type-page","status-publish","has-post-thumbnail","hentry"],"yoast_head":"<!-- This site is optimized with the Yoast SEO plugin v25.9 - https:\/\/yoast.com\/wordpress\/plugins\/seo\/ -->\n<title>s\u00e9rie Memento Mori - Fr\u00e9d\u00e9ric Louvier<\/title>\n<meta name=\"robots\" content=\"index, follow, max-snippet:-1, max-image-preview:large, max-video-preview:-1\" \/>\n<link rel=\"canonical\" href=\"https:\/\/fredericlouvier.com\/index.php\/serie-memento-mori\/\" \/>\n<meta property=\"og:locale\" content=\"fr_FR\" \/>\n<meta property=\"og:type\" content=\"article\" \/>\n<meta property=\"og:title\" content=\"s\u00e9rie Memento Mori - Fr\u00e9d\u00e9ric Louvier\" \/>\n<meta property=\"og:url\" content=\"https:\/\/fredericlouvier.com\/index.php\/serie-memento-mori\/\" \/>\n<meta property=\"og:site_name\" content=\"Fr\u00e9d\u00e9ric Louvier\" \/>\n<meta property=\"article:publisher\" content=\"https:\/\/www.facebook.com\/FredCeram-2163652993681523\" \/>\n<meta property=\"article:modified_time\" content=\"2019-11-14T16:18:44+00:00\" \/>\n<meta property=\"og:image\" content=\"https:\/\/i0.wp.com\/fredericlouvier.com\/wp-content\/uploads\/2019\/07\/mento-mori-.jpg?fit=2478%2C3712&ssl=1\" \/>\n\t<meta property=\"og:image:width\" content=\"2478\" \/>\n\t<meta property=\"og:image:height\" content=\"3712\" \/>\n\t<meta property=\"og:image:type\" content=\"image\/jpeg\" \/>\n<meta name=\"twitter:card\" content=\"summary_large_image\" \/>\n<script type=\"application\/ld+json\" class=\"yoast-schema-graph\">{\"@context\":\"https:\/\/schema.org\",\"@graph\":[{\"@type\":\"WebPage\",\"@id\":\"https:\/\/fredericlouvier.com\/index.php\/serie-memento-mori\/\",\"url\":\"https:\/\/fredericlouvier.com\/index.php\/serie-memento-mori\/\",\"name\":\"s\u00e9rie Memento Mori - Fr\u00e9d\u00e9ric Louvier\",\"isPartOf\":{\"@id\":\"https:\/\/fredericlouvier.com\/#website\"},\"primaryImageOfPage\":{\"@id\":\"https:\/\/fredericlouvier.com\/index.php\/serie-memento-mori\/#primaryimage\"},\"image\":{\"@id\":\"https:\/\/fredericlouvier.com\/index.php\/serie-memento-mori\/#primaryimage\"},\"thumbnailUrl\":\"https:\/\/i0.wp.com\/fredericlouvier.com\/wp-content\/uploads\/2019\/07\/mento-mori-.jpg?fit=2478%2C3712&ssl=1\",\"datePublished\":\"2019-02-20T19:14:48+00:00\",\"dateModified\":\"2019-11-14T16:18:44+00:00\",\"breadcrumb\":{\"@id\":\"https:\/\/fredericlouvier.com\/index.php\/serie-memento-mori\/#breadcrumb\"},\"inLanguage\":\"fr-FR\",\"potentialAction\":[{\"@type\":\"ReadAction\",\"target\":[\"https:\/\/fredericlouvier.com\/index.php\/serie-memento-mori\/\"]}]},{\"@type\":\"ImageObject\",\"inLanguage\":\"fr-FR\",\"@id\":\"https:\/\/fredericlouvier.com\/index.php\/serie-memento-mori\/#primaryimage\",\"url\":\"https:\/\/i0.wp.com\/fredericlouvier.com\/wp-content\/uploads\/2019\/07\/mento-mori-.jpg?fit=2478%2C3712&ssl=1\",\"contentUrl\":\"https:\/\/i0.wp.com\/fredericlouvier.com\/wp-content\/uploads\/2019\/07\/mento-mori-.jpg?fit=2478%2C3712&ssl=1\",\"width\":2478,\"height\":3712},{\"@type\":\"BreadcrumbList\",\"@id\":\"https:\/\/fredericlouvier.com\/index.php\/serie-memento-mori\/#breadcrumb\",\"itemListElement\":[{\"@type\":\"ListItem\",\"position\":1,\"name\":\"Accueil\",\"item\":\"https:\/\/fredericlouvier.com\/\"},{\"@type\":\"ListItem\",\"position\":2,\"name\":\"s\u00e9rie Memento Mori\"}]},{\"@type\":\"WebSite\",\"@id\":\"https:\/\/fredericlouvier.com\/#website\",\"url\":\"https:\/\/fredericlouvier.com\/\",\"name\":\"Fr\u00e9d\u00e9ric Louvier\",\"description\":\"Sculpteur c\u00e9ramiste peintre Bretagne\",\"publisher\":{\"@id\":\"https:\/\/fredericlouvier.com\/#\/schema\/person\/850d4ea321d8e8771ff0b80afc2a1436\"},\"potentialAction\":[{\"@type\":\"SearchAction\",\"target\":{\"@type\":\"EntryPoint\",\"urlTemplate\":\"https:\/\/fredericlouvier.com\/?s={search_term_string}\"},\"query-input\":{\"@type\":\"PropertyValueSpecification\",\"valueRequired\":true,\"valueName\":\"search_term_string\"}}],\"inLanguage\":\"fr-FR\"},{\"@type\":[\"Person\",\"Organization\"],\"@id\":\"https:\/\/fredericlouvier.com\/#\/schema\/person\/850d4ea321d8e8771ff0b80afc2a1436\",\"name\":\"admin3311\",\"image\":{\"@type\":\"ImageObject\",\"inLanguage\":\"fr-FR\",\"@id\":\"https:\/\/fredericlouvier.com\/#\/schema\/person\/image\/\",\"url\":\"https:\/\/secure.gravatar.com\/avatar\/a437c17efbe56bfb68f9caf8f705acd539dde2921994b37f199ec84a9702abdf?s=96&d=mm&r=g\",\"contentUrl\":\"https:\/\/secure.gravatar.com\/avatar\/a437c17efbe56bfb68f9caf8f705acd539dde2921994b37f199ec84a9702abdf?s=96&d=mm&r=g\",\"caption\":\"admin3311\"},\"logo\":{\"@id\":\"https:\/\/fredericlouvier.com\/#\/schema\/person\/image\/\"},\"sameAs\":[\"https:\/\/www.facebook.com\/FredCeram-2163652993681523\",\"https:\/\/www.instagram.com\/louvier.frederic\/?hl=fr\",\"https:\/\/www.pinterest.fr\/louvierfrederic\/_created\/\"]}]}<\/script>\n<!-- \/ Yoast SEO plugin. -->","yoast_head_json":{"title":"s\u00e9rie Memento Mori - Fr\u00e9d\u00e9ric Louvier","robots":{"index":"index","follow":"follow","max-snippet":"max-snippet:-1","max-image-preview":"max-image-preview:large","max-video-preview":"max-video-preview:-1"},"canonical":"https:\/\/fredericlouvier.com\/index.php\/serie-memento-mori\/","og_locale":"fr_FR","og_type":"article","og_title":"s\u00e9rie Memento Mori - Fr\u00e9d\u00e9ric Louvier","og_url":"https:\/\/fredericlouvier.com\/index.php\/serie-memento-mori\/","og_site_name":"Fr\u00e9d\u00e9ric Louvier","article_publisher":"https:\/\/www.facebook.com\/FredCeram-2163652993681523","article_modified_time":"2019-11-14T16:18:44+00:00","og_image":[{"width":2478,"height":3712,"url":"https:\/\/i0.wp.com\/fredericlouvier.com\/wp-content\/uploads\/2019\/07\/mento-mori-.jpg?fit=2478%2C3712&ssl=1","type":"image\/jpeg"}],"twitter_card":"summary_large_image","schema":{"@context":"https:\/\/schema.org","@graph":[{"@type":"WebPage","@id":"https:\/\/fredericlouvier.com\/index.php\/serie-memento-mori\/","url":"https:\/\/fredericlouvier.com\/index.php\/serie-memento-mori\/","name":"s\u00e9rie Memento Mori - Fr\u00e9d\u00e9ric Louvier","isPartOf":{"@id":"https:\/\/fredericlouvier.com\/#website"},"primaryImageOfPage":{"@id":"https:\/\/fredericlouvier.com\/index.php\/serie-memento-mori\/#primaryimage"},"image":{"@id":"https:\/\/fredericlouvier.com\/index.php\/serie-memento-mori\/#primaryimage"},"thumbnailUrl":"https:\/\/i0.wp.com\/fredericlouvier.com\/wp-content\/uploads\/2019\/07\/mento-mori-.jpg?fit=2478%2C3712&ssl=1","datePublished":"2019-02-20T19:14:48+00:00","dateModified":"2019-11-14T16:18:44+00:00","breadcrumb":{"@id":"https:\/\/fredericlouvier.com\/index.php\/serie-memento-mori\/#breadcrumb"},"inLanguage":"fr-FR","potentialAction":[{"@type":"ReadAction","target":["https:\/\/fredericlouvier.com\/index.php\/serie-memento-mori\/"]}]},{"@type":"ImageObject","inLanguage":"fr-FR","@id":"https:\/\/fredericlouvier.com\/index.php\/serie-memento-mori\/#primaryimage","url":"https:\/\/i0.wp.com\/fredericlouvier.com\/wp-content\/uploads\/2019\/07\/mento-mori-.jpg?fit=2478%2C3712&ssl=1","contentUrl":"https:\/\/i0.wp.com\/fredericlouvier.com\/wp-content\/uploads\/2019\/07\/mento-mori-.jpg?fit=2478%2C3712&ssl=1","width":2478,"height":3712},{"@type":"BreadcrumbList","@id":"https:\/\/fredericlouvier.com\/index.php\/serie-memento-mori\/#breadcrumb","itemListElement":[{"@type":"ListItem","position":1,"name":"Accueil","item":"https:\/\/fredericlouvier.com\/"},{"@type":"ListItem","position":2,"name":"s\u00e9rie Memento Mori"}]},{"@type":"WebSite","@id":"https:\/\/fredericlouvier.com\/#website","url":"https:\/\/fredericlouvier.com\/","name":"Fr\u00e9d\u00e9ric Louvier","description":"Sculpteur c\u00e9ramiste peintre Bretagne","publisher":{"@id":"https:\/\/fredericlouvier.com\/#\/schema\/person\/850d4ea321d8e8771ff0b80afc2a1436"},"potentialAction":[{"@type":"SearchAction","target":{"@type":"EntryPoint","urlTemplate":"https:\/\/fredericlouvier.com\/?s={search_term_string}"},"query-input":{"@type":"PropertyValueSpecification","valueRequired":true,"valueName":"search_term_string"}}],"inLanguage":"fr-FR"},{"@type":["Person","Organization"],"@id":"https:\/\/fredericlouvier.com\/#\/schema\/person\/850d4ea321d8e8771ff0b80afc2a1436","name":"admin3311","image":{"@type":"ImageObject","inLanguage":"fr-FR","@id":"https:\/\/fredericlouvier.com\/#\/schema\/person\/image\/","url":"https:\/\/secure.gravatar.com\/avatar\/a437c17efbe56bfb68f9caf8f705acd539dde2921994b37f199ec84a9702abdf?s=96&d=mm&r=g","contentUrl":"https:\/\/secure.gravatar.com\/avatar\/a437c17efbe56bfb68f9caf8f705acd539dde2921994b37f199ec84a9702abdf?s=96&d=mm&r=g","caption":"admin3311"},"logo":{"@id":"https:\/\/fredericlouvier.com\/#\/schema\/person\/image\/"},"sameAs":["https:\/\/www.facebook.com\/FredCeram-2163652993681523","https:\/\/www.instagram.com\/louvier.frederic\/?hl=fr","https:\/\/www.pinterest.fr\/louvierfrederic\/_created\/"]}]}},"jetpack_sharing_enabled":true,"_links":{"self":[{"href":"https:\/\/fredericlouvier.com\/index.php\/wp-json\/wp\/v2\/pages\/70","targetHints":{"allow":["GET"]}}],"collection":[{"href":"https:\/\/fredericlouvier.com\/index.php\/wp-json\/wp\/v2\/pages"}],"about":[{"href":"https:\/\/fredericlouvier.com\/index.php\/wp-json\/wp\/v2\/types\/page"}],"author":[{"embeddable":true,"href":"https:\/\/fredericlouvier.com\/index.php\/wp-json\/wp\/v2\/users\/1"}],"replies":[{"embeddable":true,"href":"https:\/\/fredericlouvier.com\/index.php\/wp-json\/wp\/v2\/comments?post=70"}],"version-history":[{"count":0,"href":"https:\/\/fredericlouvier.com\/index.php\/wp-json\/wp\/v2\/pages\/70\/revisions"}],"wp:featuredmedia":[{"embeddable":true,"href":"https:\/\/fredericlouvier.com\/index.php\/wp-json\/wp\/v2\/media\/102"}],"wp:attachment":[{"href":"https:\/\/fredericlouvier.com\/index.php\/wp-json\/wp\/v2\/media?parent=70"}],"curies":[{"name":"wp","href":"https:\/\/api.w.org\/{rel}","templated":true}]}}