{"id":36,"date":"2019-02-11T22:01:26","date_gmt":"2019-02-11T21:01:26","guid":{"rendered":"http:\/\/fredericlouvier.com\/?page_id=36"},"modified":"2025-10-30T16:04:43","modified_gmt":"2025-10-30T15:04:43","slug":"sculptures-ceramiques","status":"publish","type":"page","link":"https:\/\/fredericlouvier.com\/","title":{"rendered":"Bienvenue !"},"content":{"rendered":"<p style=\"text-align: center;\">Vous trouverez sur ce site mon parcours m\u00ealant la sculpture c\u00e9ramique,<\/p>\n<p style=\"text-align: center;\">les pastels \u00e0 l&rsquo;huile, et la peinture \u00e0 travers les Toiles Suspendues.<\/p>\n<p><img data-recalc-dims=\"1\" loading=\"lazy\" decoding=\"async\" class=\"size-medium wp-image-704 aligncenter\" src=\"https:\/\/i0.wp.com\/fredericlouvier.com\/wp-content\/uploads\/2024\/06\/guerisseuse2.jpg?resize=225%2C300&#038;ssl=1\" alt=\"\" width=\"225\" height=\"300\" srcset=\"https:\/\/i0.wp.com\/fredericlouvier.com\/wp-content\/uploads\/2024\/06\/guerisseuse2.jpg?resize=225%2C300&amp;ssl=1 225w, https:\/\/i0.wp.com\/fredericlouvier.com\/wp-content\/uploads\/2024\/06\/guerisseuse2.jpg?resize=768%2C1025&amp;ssl=1 768w, https:\/\/i0.wp.com\/fredericlouvier.com\/wp-content\/uploads\/2024\/06\/guerisseuse2.jpg?w=907&amp;ssl=1 907w\" sizes=\"auto, (max-width: 225px) 100vw, 225px\" \/><\/p>\n<p style=\"text-align: center;\">Si certaines pi\u00e8ces vous int\u00e9ressent, si envie de passer une commande, une expo, une visite sur place,<\/p>\n<p style=\"text-align: center;\">n&rsquo;h\u00e9sitez pas \u00e0 me contacter via la page \u00ab\u00a0contact\u00a0\u00bb<\/p>\n<p>&nbsp;<\/p>\n","protected":false},"excerpt":{"rendered":"<p>Vous trouverez sur ce site mon parcours m\u00ealant la sculpture c\u00e9ramique, les pastels \u00e0 l&rsquo;huile, et la peinture \u00e0 travers les Toiles Suspendues. Si certaines&hellip;<\/p>\n","protected":false},"author":1,"featured_media":0,"parent":0,"menu_order":0,"comment_status":"closed","ping_status":"closed","template":"","meta":{"footnotes":""},"class_list":["post-36","page","type-page","status-publish","hentry"],"yoast_head":"<!-- This site is optimized with the Yoast SEO plugin v25.9 - https:\/\/yoast.com\/wordpress\/plugins\/seo\/ -->\n<title>Bienvenue ! - Fr\u00e9d\u00e9ric Louvier<\/title>\n<meta name=\"description\" content=\"Je suis sculpteur, c\u00e9ramiste, peintre en Bretagne, visitez ma Boutique en ligne, sculptures raku ou oxydation. Peinture, en pastel \u00e0 l&#039;huile.\" \/>\n<meta name=\"robots\" content=\"index, follow, max-snippet:-1, max-image-preview:large, max-video-preview:-1\" \/>\n<link rel=\"canonical\" href=\"https:\/\/fredericlouvier.com\/\" \/>\n<meta property=\"og:locale\" content=\"fr_FR\" \/>\n<meta property=\"og:type\" content=\"article\" \/>\n<meta property=\"og:title\" content=\"Bienvenue ! - Fr\u00e9d\u00e9ric Louvier\" \/>\n<meta property=\"og:description\" content=\"Je suis sculpteur, c\u00e9ramiste, peintre en Bretagne, visitez ma Boutique en ligne, sculptures raku ou oxydation. Peinture, en pastel \u00e0 l&#039;huile.\" \/>\n<meta property=\"og:url\" content=\"https:\/\/fredericlouvier.com\/\" \/>\n<meta property=\"og:site_name\" content=\"Fr\u00e9d\u00e9ric Louvier\" \/>\n<meta property=\"article:publisher\" content=\"https:\/\/www.facebook.com\/FredCeram-2163652993681523\" \/>\n<meta property=\"article:modified_time\" content=\"2025-10-30T15:04:43+00:00\" \/>\n<meta property=\"og:image\" content=\"https:\/\/fredericlouvier.com\/wp-content\/uploads\/2024\/06\/guerisseuse2-225x300.jpg\" \/>\n<meta name=\"twitter:card\" content=\"summary_large_image\" \/>\n<meta name=\"twitter:label1\" content=\"Dur\u00e9e de lecture estim\u00e9e\" \/>\n\t<meta name=\"twitter:data1\" content=\"1 minute\" \/>\n<script type=\"application\/ld+json\" class=\"yoast-schema-graph\">{\"@context\":\"https:\/\/schema.org\",\"@graph\":[{\"@type\":\"WebPage\",\"@id\":\"https:\/\/fredericlouvier.com\/\",\"url\":\"https:\/\/fredericlouvier.com\/\",\"name\":\"Bienvenue ! - Fr\u00e9d\u00e9ric Louvier\",\"isPartOf\":{\"@id\":\"https:\/\/fredericlouvier.com\/#website\"},\"primaryImageOfPage\":{\"@id\":\"https:\/\/fredericlouvier.com\/#primaryimage\"},\"image\":{\"@id\":\"https:\/\/fredericlouvier.com\/#primaryimage\"},\"thumbnailUrl\":\"https:\/\/fredericlouvier.com\/wp-content\/uploads\/2024\/06\/guerisseuse2-225x300.jpg\",\"datePublished\":\"2019-02-11T21:01:26+00:00\",\"dateModified\":\"2025-10-30T15:04:43+00:00\",\"description\":\"Je suis sculpteur, c\u00e9ramiste, peintre en Bretagne, visitez ma Boutique en ligne, sculptures raku ou oxydation. Peinture, en pastel \u00e0 l'huile.\",\"breadcrumb\":{\"@id\":\"https:\/\/fredericlouvier.com\/#breadcrumb\"},\"inLanguage\":\"fr-FR\",\"potentialAction\":[{\"@type\":\"ReadAction\",\"target\":[\"https:\/\/fredericlouvier.com\/\"]}]},{\"@type\":\"ImageObject\",\"inLanguage\":\"fr-FR\",\"@id\":\"https:\/\/fredericlouvier.com\/#primaryimage\",\"url\":\"https:\/\/i0.wp.com\/fredericlouvier.com\/wp-content\/uploads\/2024\/06\/guerisseuse2.jpg?fit=907%2C1210&ssl=1\",\"contentUrl\":\"https:\/\/i0.wp.com\/fredericlouvier.com\/wp-content\/uploads\/2024\/06\/guerisseuse2.jpg?fit=907%2C1210&ssl=1\",\"width\":907,\"height\":1210},{\"@type\":\"BreadcrumbList\",\"@id\":\"https:\/\/fredericlouvier.com\/#breadcrumb\",\"itemListElement\":[{\"@type\":\"ListItem\",\"position\":1,\"name\":\"Accueil\",\"item\":\"https:\/\/fredericlouvier.com\/\"},{\"@type\":\"ListItem\",\"position\":2,\"name\":\"Bienvenue !\"}]},{\"@type\":\"WebSite\",\"@id\":\"https:\/\/fredericlouvier.com\/#website\",\"url\":\"https:\/\/fredericlouvier.com\/\",\"name\":\"Fr\u00e9d\u00e9ric Louvier\",\"description\":\"Sculpteur c\u00e9ramiste peintre Bretagne\",\"publisher\":{\"@id\":\"https:\/\/fredericlouvier.com\/#\/schema\/person\/850d4ea321d8e8771ff0b80afc2a1436\"},\"potentialAction\":[{\"@type\":\"SearchAction\",\"target\":{\"@type\":\"EntryPoint\",\"urlTemplate\":\"https:\/\/fredericlouvier.com\/?s={search_term_string}\"},\"query-input\":{\"@type\":\"PropertyValueSpecification\",\"valueRequired\":true,\"valueName\":\"search_term_string\"}}],\"inLanguage\":\"fr-FR\"},{\"@type\":[\"Person\",\"Organization\"],\"@id\":\"https:\/\/fredericlouvier.com\/#\/schema\/person\/850d4ea321d8e8771ff0b80afc2a1436\",\"name\":\"admin3311\",\"image\":{\"@type\":\"ImageObject\",\"inLanguage\":\"fr-FR\",\"@id\":\"https:\/\/fredericlouvier.com\/#\/schema\/person\/image\/\",\"url\":\"https:\/\/secure.gravatar.com\/avatar\/a437c17efbe56bfb68f9caf8f705acd539dde2921994b37f199ec84a9702abdf?s=96&d=mm&r=g\",\"contentUrl\":\"https:\/\/secure.gravatar.com\/avatar\/a437c17efbe56bfb68f9caf8f705acd539dde2921994b37f199ec84a9702abdf?s=96&d=mm&r=g\",\"caption\":\"admin3311\"},\"logo\":{\"@id\":\"https:\/\/fredericlouvier.com\/#\/schema\/person\/image\/\"},\"sameAs\":[\"https:\/\/www.facebook.com\/FredCeram-2163652993681523\",\"https:\/\/www.instagram.com\/louvier.frederic\/?hl=fr\",\"https:\/\/www.pinterest.fr\/louvierfrederic\/_created\/\"]}]}<\/script>\n<!-- \/ Yoast SEO plugin. -->","yoast_head_json":{"title":"Bienvenue ! - Fr\u00e9d\u00e9ric Louvier","description":"Je suis sculpteur, c\u00e9ramiste, peintre en Bretagne, visitez ma Boutique en ligne, sculptures raku ou oxydation. Peinture, en pastel \u00e0 l'huile.","robots":{"index":"index","follow":"follow","max-snippet":"max-snippet:-1","max-image-preview":"max-image-preview:large","max-video-preview":"max-video-preview:-1"},"canonical":"https:\/\/fredericlouvier.com\/","og_locale":"fr_FR","og_type":"article","og_title":"Bienvenue ! - Fr\u00e9d\u00e9ric Louvier","og_description":"Je suis sculpteur, c\u00e9ramiste, peintre en Bretagne, visitez ma Boutique en ligne, sculptures raku ou oxydation. Peinture, en pastel \u00e0 l'huile.","og_url":"https:\/\/fredericlouvier.com\/","og_site_name":"Fr\u00e9d\u00e9ric Louvier","article_publisher":"https:\/\/www.facebook.com\/FredCeram-2163652993681523","article_modified_time":"2025-10-30T15:04:43+00:00","og_image":[{"url":"https:\/\/fredericlouvier.com\/wp-content\/uploads\/2024\/06\/guerisseuse2-225x300.jpg","type":"","width":"","height":""}],"twitter_card":"summary_large_image","twitter_misc":{"Dur\u00e9e de lecture estim\u00e9e":"1 minute"},"schema":{"@context":"https:\/\/schema.org","@graph":[{"@type":"WebPage","@id":"https:\/\/fredericlouvier.com\/","url":"https:\/\/fredericlouvier.com\/","name":"Bienvenue ! - Fr\u00e9d\u00e9ric Louvier","isPartOf":{"@id":"https:\/\/fredericlouvier.com\/#website"},"primaryImageOfPage":{"@id":"https:\/\/fredericlouvier.com\/#primaryimage"},"image":{"@id":"https:\/\/fredericlouvier.com\/#primaryimage"},"thumbnailUrl":"https:\/\/fredericlouvier.com\/wp-content\/uploads\/2024\/06\/guerisseuse2-225x300.jpg","datePublished":"2019-02-11T21:01:26+00:00","dateModified":"2025-10-30T15:04:43+00:00","description":"Je suis sculpteur, c\u00e9ramiste, peintre en Bretagne, visitez ma Boutique en ligne, sculptures raku ou oxydation. Peinture, en pastel \u00e0 l'huile.","breadcrumb":{"@id":"https:\/\/fredericlouvier.com\/#breadcrumb"},"inLanguage":"fr-FR","potentialAction":[{"@type":"ReadAction","target":["https:\/\/fredericlouvier.com\/"]}]},{"@type":"ImageObject","inLanguage":"fr-FR","@id":"https:\/\/fredericlouvier.com\/#primaryimage","url":"https:\/\/i0.wp.com\/fredericlouvier.com\/wp-content\/uploads\/2024\/06\/guerisseuse2.jpg?fit=907%2C1210&ssl=1","contentUrl":"https:\/\/i0.wp.com\/fredericlouvier.com\/wp-content\/uploads\/2024\/06\/guerisseuse2.jpg?fit=907%2C1210&ssl=1","width":907,"height":1210},{"@type":"BreadcrumbList","@id":"https:\/\/fredericlouvier.com\/#breadcrumb","itemListElement":[{"@type":"ListItem","position":1,"name":"Accueil","item":"https:\/\/fredericlouvier.com\/"},{"@type":"ListItem","position":2,"name":"Bienvenue !"}]},{"@type":"WebSite","@id":"https:\/\/fredericlouvier.com\/#website","url":"https:\/\/fredericlouvier.com\/","name":"Fr\u00e9d\u00e9ric Louvier","description":"Sculpteur c\u00e9ramiste peintre Bretagne","publisher":{"@id":"https:\/\/fredericlouvier.com\/#\/schema\/person\/850d4ea321d8e8771ff0b80afc2a1436"},"potentialAction":[{"@type":"SearchAction","target":{"@type":"EntryPoint","urlTemplate":"https:\/\/fredericlouvier.com\/?s={search_term_string}"},"query-input":{"@type":"PropertyValueSpecification","valueRequired":true,"valueName":"search_term_string"}}],"inLanguage":"fr-FR"},{"@type":["Person","Organization"],"@id":"https:\/\/fredericlouvier.com\/#\/schema\/person\/850d4ea321d8e8771ff0b80afc2a1436","name":"admin3311","image":{"@type":"ImageObject","inLanguage":"fr-FR","@id":"https:\/\/fredericlouvier.com\/#\/schema\/person\/image\/","url":"https:\/\/secure.gravatar.com\/avatar\/a437c17efbe56bfb68f9caf8f705acd539dde2921994b37f199ec84a9702abdf?s=96&d=mm&r=g","contentUrl":"https:\/\/secure.gravatar.com\/avatar\/a437c17efbe56bfb68f9caf8f705acd539dde2921994b37f199ec84a9702abdf?s=96&d=mm&r=g","caption":"admin3311"},"logo":{"@id":"https:\/\/fredericlouvier.com\/#\/schema\/person\/image\/"},"sameAs":["https:\/\/www.facebook.com\/FredCeram-2163652993681523","https:\/\/www.instagram.com\/louvier.frederic\/?hl=fr","https:\/\/www.pinterest.fr\/louvierfrederic\/_created\/"]}]}},"jetpack_sharing_enabled":true,"_links":{"self":[{"href":"https:\/\/fredericlouvier.com\/index.php\/wp-json\/wp\/v2\/pages\/36","targetHints":{"allow":["GET"]}}],"collection":[{"href":"https:\/\/fredericlouvier.com\/index.php\/wp-json\/wp\/v2\/pages"}],"about":[{"href":"https:\/\/fredericlouvier.com\/index.php\/wp-json\/wp\/v2\/types\/page"}],"author":[{"embeddable":true,"href":"https:\/\/fredericlouvier.com\/index.php\/wp-json\/wp\/v2\/users\/1"}],"replies":[{"embeddable":true,"href":"https:\/\/fredericlouvier.com\/index.php\/wp-json\/wp\/v2\/comments?post=36"}],"version-history":[{"count":2,"href":"https:\/\/fredericlouvier.com\/index.php\/wp-json\/wp\/v2\/pages\/36\/revisions"}],"predecessor-version":[{"id":753,"href":"https:\/\/fredericlouvier.com\/index.php\/wp-json\/wp\/v2\/pages\/36\/revisions\/753"}],"wp:attachment":[{"href":"https:\/\/fredericlouvier.com\/index.php\/wp-json\/wp\/v2\/media?parent=36"}],"curies":[{"name":"wp","href":"https:\/\/api.w.org\/{rel}","templated":true}]}}