{"id":193,"date":"2019-07-26T23:41:49","date_gmt":"2019-07-26T21:41:49","guid":{"rendered":"http:\/\/fredericlouvier.com\/?page_id=193"},"modified":"2021-01-17T20:01:37","modified_gmt":"2021-01-17T19:01:37","slug":"pastel-a-lhuile","status":"publish","type":"page","link":"https:\/\/fredericlouvier.com\/index.php\/pastel-a-lhuile\/","title":{"rendered":"Pastel \u00e0 l&rsquo;huile"},"content":{"rendered":"<p>Les <a href=\"https:\/\/fredericlouvier.com\/index.php\/pastel-a-lhuile\/\">Pastels \u00e0 l&rsquo;huile<\/a> expriment un fort besoin de couleurs vives et d&rsquo;expressions&#8230;<\/p>\n<style type=\"text\/css\" scoped>.rbs_gallery_69ded86659aa4Spinner{\r\n\t\t\t\tmargin: 50px auto;\r\n\t\t\t\twidth: 50px;\r\n\t\t\t\theight: 40px;\r\n\t\t\t\ttext-align: center;\r\n\t\t\t\tfont-size: 10px;\r\n\t\t\t}\r\n\t\t\t.rbs_gallery_69ded86659aa4Spinner > div{\r\n\t\t\t  background-color: #333;\r\n\t\t\t  height: 100%;\r\n\t\t\t  width: 6px;\r\n\t\t\t  display: inline-block;\r\n\t\t\t  -webkit-animation: rbs_gallery_69ded86659aa4-stretchdelay 1.2s infinite ease-in-out;\r\n\t\t\t  animation: rbs_gallery_69ded86659aa4-stretchdelay 1.2s infinite ease-in-out;\r\n\t\t\t}\r\n\t\t\t.rbs_gallery_69ded86659aa4Spinner .rbs_gallery_69ded86659aa4Rect2 {\r\n\t\t\t  -webkit-animation-delay: -1.1s;\r\n\t\t\t  animation-delay: -1.1s;\r\n\t\t\t}\r\n\t\t\t.rbs_gallery_69ded86659aa4Spinner .rbs_gallery_69ded86659aa4Rect3 {\r\n\t\t\t  -webkit-animation-delay: -1.0s;\r\n\t\t\t  animation-delay: -1.0s;\r\n\t\t\t}\r\n\t\t\t.rbs_gallery_69ded86659aa4Spinner .rbs_gallery_69ded86659aa4Rect4 {\r\n\t\t\t  -webkit-animation-delay: -0.9s;\r\n\t\t\t  animation-delay: -0.9s;\r\n\t\t\t}\r\n\t\t\t.rbs_gallery_69ded86659aa4Spinner .rbs_gallery_69ded86659aa4Rect5 {\r\n\t\t\t  -webkit-animation-delay: -0.8s;\r\n\t\t\t  animation-delay: -0.8s;\r\n\t\t\t}\r\n\t\t\t@-webkit-keyframes rbs_gallery_69ded86659aa4-stretchdelay {\r\n\t\t\t  0%, 40%, 100% { -webkit-transform: scaleY(0.4) }  \r\n\t\t\t  20% { -webkit-transform: scaleY(1.0) }\r\n\t\t\t}\r\n\t\t\t@keyframes rbs_gallery_69ded86659aa4-stretchdelay {\r\n\t\t\t  0%, 40%, 100% { \r\n\t\t\t    transform: scaleY(0.4);\r\n\t\t\t    -webkit-transform: scaleY(0.4);\r\n\t\t\t  }  20% { \r\n\t\t\t    transform: scaleY(1.0);\r\n\t\t\t    -webkit-transform: scaleY(1.0);\r\n\t\t\t  }\r\n\t\t\t}\r\n\t\t<\/style><div class=\"robo-gallery-wrap robo-gallery-wrap-id185 robo-gallery-\" ><div id=\"rbs_gallery_69ded86659aa4-block-loader\" class=\"rbs_gallery_69ded86659aa4Spinner\"><div class=\"rbs_gallery_69ded86659aa4Rect1\"><\/div> <div class=\"rbs_gallery_69ded86659aa4Rect2\"><\/div> <div class=\"rbs_gallery_69ded86659aa4Rect3\"><\/div> <div class=\"rbs_gallery_69ded86659aa4Rect4\"><\/div> <div class=\"rbs_gallery_69ded86659aa4Rect5\"><\/div><\/div><div class=\"rbs_gallery_button  rbs_gallery_align_left\" id=\"rbs_gallery_69ded86659aa4filter\" style=\" display: none;\" ><a class=\"button button-flat-primary button-large  \" href=\"#\" data-filter=\"*\">All<\/a><\/div><div id=\"robo_gallery_main_block_rbs_gallery_69ded86659aa4\" class=\"robogallery-gallery-185\" style=\"width:100%;  display: none;\"><div id=\"rbs_gallery_69ded86659aa4\" data-options=\"rbs_gallery_69ded86659aa4\" style=\"width:100%;\" class=\"robo_gallery  \"><div class=\"rbs-img  category185 \" ><div class=\"rbs-img-image   rbs-lightbox \" ><div class=\"rbs-img-thumbs\"  data-thumbnail=\"https:\/\/i0.wp.com\/fredericlouvier.com\/wp-content\/uploads\/2019\/07\/2018-11-03-17.43.43.jpg?fit=211%2C300&ssl=1\"  title=\"2018-11-03 17.43.43\"  data-width=\"211\"  data-height=\"300\" ><\/div><div class=\"rbs-img-data-popup\"  data-popup=\"https:\/\/fredericlouvier.com\/wp-content\/uploads\/2019\/07\/2018-11-03-17.43.43.jpg\"  title=\"2018-11-03 17.43.43\" ><\/div><div class=\"thumbnail-overlay\"><div class=\"rbsTitle \">2018-11-03 17.43.43<\/div><div class=\"rbsIcons\"><i class=\"fa fa-search-plus rbsZoomIcon \" ><\/i><\/div><\/div><\/div><\/div><div class=\"rbs-img  category185 \" ><div class=\"rbs-img-image   rbs-lightbox \" ><div class=\"rbs-img-thumbs\"  data-thumbnail=\"https:\/\/i0.wp.com\/fredericlouvier.com\/wp-content\/uploads\/2019\/07\/etreinte1www.jpg?fit=200%2C300&ssl=1\"  title=\"etreinte1www\"  data-width=\"200\"  data-height=\"300\" ><\/div><div class=\"rbs-img-data-popup\"  data-popup=\"https:\/\/fredericlouvier.com\/wp-content\/uploads\/2019\/07\/etreinte1www.jpg\"  title=\"etreinte1www\" ><\/div><div class=\"thumbnail-overlay\"><div class=\"rbsTitle \">etreinte1www<\/div><div class=\"rbsIcons\"><i class=\"fa fa-search-plus rbsZoomIcon \" ><\/i><\/div><\/div><\/div><\/div><div class=\"rbs-img  category185 \" ><div class=\"rbs-img-image   rbs-lightbox \" ><div class=\"rbs-img-thumbs\"  data-thumbnail=\"https:\/\/i0.wp.com\/fredericlouvier.com\/wp-content\/uploads\/2019\/07\/elect.jpg?fit=240%2C300&ssl=1\"  title=\"elect\"  data-width=\"240\"  data-height=\"300\" ><\/div><div class=\"rbs-img-data-popup\"  data-popup=\"https:\/\/fredericlouvier.com\/wp-content\/uploads\/2019\/07\/elect.jpg\"  title=\"elect\" ><\/div><div class=\"thumbnail-overlay\"><div class=\"rbsTitle \">elect<\/div><div class=\"rbsIcons\"><i class=\"fa fa-search-plus rbsZoomIcon \" ><\/i><\/div><\/div><\/div><\/div><div class=\"rbs-img  category185 \" ><div class=\"rbs-img-image   rbs-lightbox \" ><div class=\"rbs-img-thumbs\"  data-thumbnail=\"https:\/\/i0.wp.com\/fredericlouvier.com\/wp-content\/uploads\/2019\/07\/20180510_165811-e1564176685471.jpg?fit=169%2C300&ssl=1\"  title=\"20180510_165811\"  data-width=\"169\"  data-height=\"300\" ><\/div><div class=\"rbs-img-data-popup\"  data-popup=\"https:\/\/fredericlouvier.com\/wp-content\/uploads\/2019\/07\/20180510_165811-e1564176685471.jpg\"  title=\"20180510_165811\" ><\/div><div class=\"thumbnail-overlay\"><div class=\"rbsTitle \">20180510_165811<\/div><div class=\"rbsIcons\"><i class=\"fa fa-search-plus rbsZoomIcon \" ><\/i><\/div><\/div><\/div><\/div><div class=\"rbs-img  category185 \" ><div class=\"rbs-img-image   rbs-lightbox \" ><div class=\"rbs-img-thumbs\"  data-thumbnail=\"https:\/\/i0.wp.com\/fredericlouvier.com\/wp-content\/uploads\/2019\/07\/printempsbleu2.jpg?fit=211%2C300&ssl=1\"  title=\"printempsbleu2\"  data-width=\"211\"  data-height=\"300\" ><\/div><div class=\"rbs-img-data-popup\"  data-popup=\"https:\/\/fredericlouvier.com\/wp-content\/uploads\/2019\/07\/printempsbleu2.jpg\"  title=\"printempsbleu2\" ><\/div><div class=\"thumbnail-overlay\"><div class=\"rbsTitle \">printempsbleu2<\/div><div class=\"rbsIcons\"><i class=\"fa fa-search-plus rbsZoomIcon \" ><\/i><\/div><\/div><\/div><\/div><\/div><\/div><\/div><script>var rbs_gallery_69ded86659aa4 = {\"version\":\"5.1.0\",\"id\":185,\"class\":\"id185\",\"roboGalleryDelay\":1000,\"mainContainer\":\"#robo_gallery_main_block_rbs_gallery_69ded86659aa4\",\"loadingContainer\":\"#rbs_gallery_69ded86659aa4-block-loader\",\"loadingContainerObj\":\"rbs_gallery_69ded86659aa4-block-loader\",\"columnWidth\":\"auto\",\"columns\":3,\"resolutions\":[{\"columnWidth\":\"auto\",\"columns\":3,\"maxWidth\":960},{\"columnWidth\":\"auto\",\"columns\":2,\"maxWidth\":650},{\"columnWidth\":\"auto\",\"columns\":1,\"maxWidth\":450}],\"lightboxOptions\":{\"gallery\":{\"enabled\":true,\"tCounter\":\"%curr% of %total%\"}},\"borderSize\":5,\"overlayEffect\":\"direction-aware-fade\",\"boxesToLoadStart\":12,\"boxesToLoad\":8,\"waitUntilThumbLoads\":1,\"LoadingWord\":\"Loading...\",\"loadMoreWord\":\"Load More\",\"noMoreEntriesWord\":\"No More Entries\",\"horizontalSpaceBetweenBoxes\":15,\"verticalSpaceBetweenBoxes\":15,\"lazyLoad\":1,\"wrapContainer\":\"#robo-gallery-wrap-rbs_gallery_69ded86659aa4\",\"filterContainer\":\"#rbs_gallery_69ded86659aa4filter\",\"loadMoreClass\":\"button-flat-primary button-large \"};<\/script>\n","protected":false},"excerpt":{"rendered":"<p>Les Pastels \u00e0 l&rsquo;huile expriment un fort besoin de couleurs vives et d&rsquo;expressions&#8230;<\/p>\n","protected":false},"author":1,"featured_media":0,"parent":0,"menu_order":0,"comment_status":"closed","ping_status":"closed","template":"","meta":{"footnotes":""},"class_list":["post-193","page","type-page","status-publish","hentry"],"yoast_head":"<!-- This site is optimized with the Yoast SEO plugin v25.9 - https:\/\/yoast.com\/wordpress\/plugins\/seo\/ -->\n<title>Pastel \u00e0 l&#039;huile - Fr\u00e9d\u00e9ric Louvier<\/title>\n<meta name=\"robots\" content=\"index, follow, max-snippet:-1, max-image-preview:large, max-video-preview:-1\" \/>\n<link rel=\"canonical\" href=\"https:\/\/fredericlouvier.com\/index.php\/pastel-a-lhuile\/\" \/>\n<meta property=\"og:locale\" content=\"fr_FR\" \/>\n<meta property=\"og:type\" content=\"article\" \/>\n<meta property=\"og:title\" content=\"Pastel \u00e0 l&#039;huile - Fr\u00e9d\u00e9ric Louvier\" \/>\n<meta property=\"og:description\" content=\"Les Pastels \u00e0 l&rsquo;huile expriment un fort besoin de couleurs vives et d&rsquo;expressions&#8230;\" \/>\n<meta property=\"og:url\" content=\"https:\/\/fredericlouvier.com\/index.php\/pastel-a-lhuile\/\" \/>\n<meta property=\"og:site_name\" content=\"Fr\u00e9d\u00e9ric Louvier\" \/>\n<meta property=\"article:publisher\" content=\"https:\/\/www.facebook.com\/FredCeram-2163652993681523\" \/>\n<meta property=\"article:modified_time\" content=\"2021-01-17T19:01:37+00:00\" \/>\n<meta name=\"twitter:card\" content=\"summary_large_image\" \/>\n<script type=\"application\/ld+json\" class=\"yoast-schema-graph\">{\"@context\":\"https:\/\/schema.org\",\"@graph\":[{\"@type\":\"WebPage\",\"@id\":\"https:\/\/fredericlouvier.com\/index.php\/pastel-a-lhuile\/\",\"url\":\"https:\/\/fredericlouvier.com\/index.php\/pastel-a-lhuile\/\",\"name\":\"Pastel \u00e0 l'huile - Fr\u00e9d\u00e9ric Louvier\",\"isPartOf\":{\"@id\":\"https:\/\/fredericlouvier.com\/#website\"},\"datePublished\":\"2019-07-26T21:41:49+00:00\",\"dateModified\":\"2021-01-17T19:01:37+00:00\",\"breadcrumb\":{\"@id\":\"https:\/\/fredericlouvier.com\/index.php\/pastel-a-lhuile\/#breadcrumb\"},\"inLanguage\":\"fr-FR\",\"potentialAction\":[{\"@type\":\"ReadAction\",\"target\":[\"https:\/\/fredericlouvier.com\/index.php\/pastel-a-lhuile\/\"]}]},{\"@type\":\"BreadcrumbList\",\"@id\":\"https:\/\/fredericlouvier.com\/index.php\/pastel-a-lhuile\/#breadcrumb\",\"itemListElement\":[{\"@type\":\"ListItem\",\"position\":1,\"name\":\"Accueil\",\"item\":\"https:\/\/fredericlouvier.com\/\"},{\"@type\":\"ListItem\",\"position\":2,\"name\":\"Pastel \u00e0 l&rsquo;huile\"}]},{\"@type\":\"WebSite\",\"@id\":\"https:\/\/fredericlouvier.com\/#website\",\"url\":\"https:\/\/fredericlouvier.com\/\",\"name\":\"Fr\u00e9d\u00e9ric Louvier\",\"description\":\"Sculpteur c\u00e9ramiste peintre Bretagne\",\"publisher\":{\"@id\":\"https:\/\/fredericlouvier.com\/#\/schema\/person\/850d4ea321d8e8771ff0b80afc2a1436\"},\"potentialAction\":[{\"@type\":\"SearchAction\",\"target\":{\"@type\":\"EntryPoint\",\"urlTemplate\":\"https:\/\/fredericlouvier.com\/?s={search_term_string}\"},\"query-input\":{\"@type\":\"PropertyValueSpecification\",\"valueRequired\":true,\"valueName\":\"search_term_string\"}}],\"inLanguage\":\"fr-FR\"},{\"@type\":[\"Person\",\"Organization\"],\"@id\":\"https:\/\/fredericlouvier.com\/#\/schema\/person\/850d4ea321d8e8771ff0b80afc2a1436\",\"name\":\"admin3311\",\"image\":{\"@type\":\"ImageObject\",\"inLanguage\":\"fr-FR\",\"@id\":\"https:\/\/fredericlouvier.com\/#\/schema\/person\/image\/\",\"url\":\"https:\/\/secure.gravatar.com\/avatar\/a437c17efbe56bfb68f9caf8f705acd539dde2921994b37f199ec84a9702abdf?s=96&d=mm&r=g\",\"contentUrl\":\"https:\/\/secure.gravatar.com\/avatar\/a437c17efbe56bfb68f9caf8f705acd539dde2921994b37f199ec84a9702abdf?s=96&d=mm&r=g\",\"caption\":\"admin3311\"},\"logo\":{\"@id\":\"https:\/\/fredericlouvier.com\/#\/schema\/person\/image\/\"},\"sameAs\":[\"https:\/\/www.facebook.com\/FredCeram-2163652993681523\",\"https:\/\/www.instagram.com\/louvier.frederic\/?hl=fr\",\"https:\/\/www.pinterest.fr\/louvierfrederic\/_created\/\"]}]}<\/script>\n<!-- \/ Yoast SEO plugin. -->","yoast_head_json":{"title":"Pastel \u00e0 l'huile - Fr\u00e9d\u00e9ric Louvier","robots":{"index":"index","follow":"follow","max-snippet":"max-snippet:-1","max-image-preview":"max-image-preview:large","max-video-preview":"max-video-preview:-1"},"canonical":"https:\/\/fredericlouvier.com\/index.php\/pastel-a-lhuile\/","og_locale":"fr_FR","og_type":"article","og_title":"Pastel \u00e0 l'huile - Fr\u00e9d\u00e9ric Louvier","og_description":"Les Pastels \u00e0 l&rsquo;huile expriment un fort besoin de couleurs vives et d&rsquo;expressions&#8230;","og_url":"https:\/\/fredericlouvier.com\/index.php\/pastel-a-lhuile\/","og_site_name":"Fr\u00e9d\u00e9ric Louvier","article_publisher":"https:\/\/www.facebook.com\/FredCeram-2163652993681523","article_modified_time":"2021-01-17T19:01:37+00:00","twitter_card":"summary_large_image","schema":{"@context":"https:\/\/schema.org","@graph":[{"@type":"WebPage","@id":"https:\/\/fredericlouvier.com\/index.php\/pastel-a-lhuile\/","url":"https:\/\/fredericlouvier.com\/index.php\/pastel-a-lhuile\/","name":"Pastel \u00e0 l'huile - Fr\u00e9d\u00e9ric Louvier","isPartOf":{"@id":"https:\/\/fredericlouvier.com\/#website"},"datePublished":"2019-07-26T21:41:49+00:00","dateModified":"2021-01-17T19:01:37+00:00","breadcrumb":{"@id":"https:\/\/fredericlouvier.com\/index.php\/pastel-a-lhuile\/#breadcrumb"},"inLanguage":"fr-FR","potentialAction":[{"@type":"ReadAction","target":["https:\/\/fredericlouvier.com\/index.php\/pastel-a-lhuile\/"]}]},{"@type":"BreadcrumbList","@id":"https:\/\/fredericlouvier.com\/index.php\/pastel-a-lhuile\/#breadcrumb","itemListElement":[{"@type":"ListItem","position":1,"name":"Accueil","item":"https:\/\/fredericlouvier.com\/"},{"@type":"ListItem","position":2,"name":"Pastel \u00e0 l&rsquo;huile"}]},{"@type":"WebSite","@id":"https:\/\/fredericlouvier.com\/#website","url":"https:\/\/fredericlouvier.com\/","name":"Fr\u00e9d\u00e9ric Louvier","description":"Sculpteur c\u00e9ramiste peintre Bretagne","publisher":{"@id":"https:\/\/fredericlouvier.com\/#\/schema\/person\/850d4ea321d8e8771ff0b80afc2a1436"},"potentialAction":[{"@type":"SearchAction","target":{"@type":"EntryPoint","urlTemplate":"https:\/\/fredericlouvier.com\/?s={search_term_string}"},"query-input":{"@type":"PropertyValueSpecification","valueRequired":true,"valueName":"search_term_string"}}],"inLanguage":"fr-FR"},{"@type":["Person","Organization"],"@id":"https:\/\/fredericlouvier.com\/#\/schema\/person\/850d4ea321d8e8771ff0b80afc2a1436","name":"admin3311","image":{"@type":"ImageObject","inLanguage":"fr-FR","@id":"https:\/\/fredericlouvier.com\/#\/schema\/person\/image\/","url":"https:\/\/secure.gravatar.com\/avatar\/a437c17efbe56bfb68f9caf8f705acd539dde2921994b37f199ec84a9702abdf?s=96&d=mm&r=g","contentUrl":"https:\/\/secure.gravatar.com\/avatar\/a437c17efbe56bfb68f9caf8f705acd539dde2921994b37f199ec84a9702abdf?s=96&d=mm&r=g","caption":"admin3311"},"logo":{"@id":"https:\/\/fredericlouvier.com\/#\/schema\/person\/image\/"},"sameAs":["https:\/\/www.facebook.com\/FredCeram-2163652993681523","https:\/\/www.instagram.com\/louvier.frederic\/?hl=fr","https:\/\/www.pinterest.fr\/louvierfrederic\/_created\/"]}]}},"jetpack_sharing_enabled":true,"_links":{"self":[{"href":"https:\/\/fredericlouvier.com\/index.php\/wp-json\/wp\/v2\/pages\/193","targetHints":{"allow":["GET"]}}],"collection":[{"href":"https:\/\/fredericlouvier.com\/index.php\/wp-json\/wp\/v2\/pages"}],"about":[{"href":"https:\/\/fredericlouvier.com\/index.php\/wp-json\/wp\/v2\/types\/page"}],"author":[{"embeddable":true,"href":"https:\/\/fredericlouvier.com\/index.php\/wp-json\/wp\/v2\/users\/1"}],"replies":[{"embeddable":true,"href":"https:\/\/fredericlouvier.com\/index.php\/wp-json\/wp\/v2\/comments?post=193"}],"version-history":[{"count":0,"href":"https:\/\/fredericlouvier.com\/index.php\/wp-json\/wp\/v2\/pages\/193\/revisions"}],"wp:attachment":[{"href":"https:\/\/fredericlouvier.com\/index.php\/wp-json\/wp\/v2\/media?parent=193"}],"curies":[{"name":"wp","href":"https:\/\/api.w.org\/{rel}","templated":true}]}}